{"id":1139,"date":"2021-01-10T03:13:37","date_gmt":"2021-01-10T02:13:37","guid":{"rendered":"https:\/\/galaxyartv.fr\/?page_id=1139"},"modified":"2021-01-11T11:09:58","modified_gmt":"2021-01-11T10:09:58","slug":"giorgio-de-chirico-1888-1978-la-peinture-metaphysique","status":"publish","type":"page","link":"https:\/\/galaxyartv.fr\/index.php\/giorgio-de-chirico-1888-1978-la-peinture-metaphysique\/","title":{"rendered":"Giorgio De Chirico"},"content":{"rendered":"\n<h1 class=\"has-text-align-center\"><strong><strong>\u00a0<strong><em>Giorgio De Chirico (1888-1978)                                                                       la peinture m\u00e9taphysique\u00a0<\/em><\/strong><\/strong><\/strong><\/h1>\n\n\n\n<p><\/p>\n\n\n\n<h3><strong>Hommage \u00e0 Giorgio De Chirico<\/strong><\/h3>\n\n\n\n<p>L\u2019artiste italien Giorgio De Chirico, n\u00e9 en Gr\u00e8ce en 1888 et form\u00e9 \u00e0 l\u2019Acad\u00e9mie des beaux-arts de Munich est consid\u00e9r\u00e9 comme l\u2019un des plus grands peintres du XX\u00e8me si\u00e8cle. Profond\u00e9ment influenc\u00e9 par la pens\u00e9e de Nietzsche et la peinture d\u2019Arnold B\u00f6cklin, il pose \u00e0 travers ses tableaux la question du visible. Cette peinture \u00e9trange&nbsp; qualifi\u00e9e de&nbsp; \u00ab&nbsp;m\u00e9taphysique&nbsp;\u00bb tente de repr\u00e9senter ce qu\u2019il y a au-del\u00e0 de l\u2019apparence physique des choses.<\/p>\n\n\n\n<h3><strong>Premi\u00e8res r\u00e9v\u00e9lations <\/strong><strong><\/strong><\/h3>\n\n\n\n<p>Lors d\u2019un s\u00e9jour \u00e0 Florence en 1909, il re\u00e7oit sa premi\u00e8re r\u00e9v\u00e9lation qu\u2019il exprime dans <em>L\u2019Enigme d\u2019un apr\u00e8s-midi d\u2019automne<\/em>&nbsp;\u00ab&nbsp;Par un clair apr\u00e8s-midi d\u2019automne j\u2019\u00e9tais assis sur un banc de la place Santa Croce \u00e0 Florence(\u2026). J\u2019eus alors l\u2019impression \u00e9trange que je voyais toutes ces choses pour la premi\u00e8re fois&nbsp;et la composition de mon tableau me vint \u00e0 l\u2019esprit \u00bb. Le peintre \u00e9labore un nouveau vocabulaire pictural en transformant l\u2019environnement r\u00e9el en une composition \u00e9nigmatique&nbsp;: les \u00e9l\u00e9ments du monde visible sont s\u00e9par\u00e9s par un mur qui laisse entrevoir un monde myst\u00e9rieux sugg\u00e9r\u00e9 par la pr\u00e9sence de la voile d\u2019une embarcation menant vers des rivages inconnus.<\/p>\n\n\n\n<div class=\"wp-block-image\"><figure class=\"aligncenter size-large\"><img loading=\"lazy\" width=\"567\" height=\"414\" src=\"https:\/\/galaxyartv.fr\/wp-content\/uploads\/2021\/01\/LEnigme-dun-apres-midi-dautomne.jpg\" alt=\"\" class=\"wp-image-1140\" srcset=\"https:\/\/galaxyartv.fr\/wp-content\/uploads\/2021\/01\/LEnigme-dun-apres-midi-dautomne.jpg 567w, https:\/\/galaxyartv.fr\/wp-content\/uploads\/2021\/01\/LEnigme-dun-apres-midi-dautomne-300x219.jpg 300w\" sizes=\"(max-width: 567px) 100vw, 567px\" \/><figcaption><strong><em>L\u2019\u00c9nigme d\u2019un apr\u00e8s-midi d\u2019automne,<\/em> 1909-1910, huile sur toile, collection particuli\u00e8re.&nbsp;<\/strong><\/figcaption><\/figure><\/div>\n\n\n\n<h3>Paris&nbsp;: la peinture m\u00e9taphysique<\/h3>\n\n\n\n<p>Arriv\u00e9 \u00e0 Paris en &nbsp;1911, il <strong>participe avec son fr\u00e8re Alberto Savinio&nbsp; \u00e0 la vie artistique parisienne, d\u00e9couvrant C\u00e9zanne, Matisse et Picasso et en enrichissant <\/strong>consid\u00e9rablement son langage plastique. Son nouveau style s\u2019exprime d\u00e8s 1912 dans&nbsp; <em>Plaisirs du Po\u00e8te<\/em> impr\u00e9gn\u00e9 d\u2019une atmosph\u00e8re myst\u00e9rieuse&nbsp;: une vaste place vide bord\u00e9e d\u2019arcades, une ligne d\u2019horizon haut perch\u00e9e, un train qui passe,&nbsp; un ciel d\u2019un vert \u00e9clatant, des ombres accentu\u00e9es et une silhouette solitaire plong\u00e9e dans ses pens\u00e9es.<\/p>\n\n\n\n<h3><strong>La solitude des signes <\/strong><strong><\/strong><\/h3>\n\n\n\n<p>La d\u00e9couverte de la po\u00e9sie de Rimbaud l\u2019incite \u00e0 mettre en place des associations visuelles incongrues.<strong> Il d\u00e9veloppe alors une suite de compositions insolites d\u2019objets h\u00e9t\u00e9roclites (artichauts, fruits exotiques, canons..) qu\u2019il d\u00e9signe par la \u00ab\u00a0solitude des signes\u00a0\u00bb. <\/strong>L&rsquo;ombre devient opaque, l\u2019espace a cess\u00e9 d&rsquo;\u00eatre, les corps ont cess\u00e9 de vivre, nulle \u00e9chapp\u00e9e ne semble possible tandis que les signes du voyage sont de plus en plus masqu\u00e9s derri\u00e8re d\u2019infinis murs de briques&nbsp;: Giorgio De Chirico cr\u00e9e alors un art profond\u00e9ment nouveau, fond\u00e9 non pas sur l\u2019apparence des objets, mais sur les significations potentielles et les associations d\u2019id\u00e9es que ces objets peuvent susciter.<\/p>\n\n\n\n<div class=\"wp-block-image\"><figure class=\"aligncenter size-large\"><img loading=\"lazy\" width=\"499\" height=\"567\" src=\"https:\/\/galaxyartv.fr\/wp-content\/uploads\/2021\/01\/Lincertitude-du-poete.jpg\" alt=\"\" class=\"wp-image-1142\" srcset=\"https:\/\/galaxyartv.fr\/wp-content\/uploads\/2021\/01\/Lincertitude-du-poete.jpg 499w, https:\/\/galaxyartv.fr\/wp-content\/uploads\/2021\/01\/Lincertitude-du-poete-264x300.jpg 264w\" sizes=\"(max-width: 499px) 100vw, 499px\" \/><figcaption><strong><em>L\u2019incertitude du po\u00e8te, <\/em>1913, huile sur toile, Tate Modern, Londres<\/strong><\/figcaption><\/figure><\/div>\n\n\n\n<h3><strong>Les ombres myst\u00e9rieuses <\/strong><\/h3>\n\n\n\n<p>Dans le <em>Portrait de Guillaume Apollinaire<\/em> de 1914, &nbsp;l\u2019ombre du po\u00e8te appara\u00eet de mani\u00e8re fantomatique \u00e0 l\u2019arri\u00e8re plan du tableau. Les ombres dans les \u0153uvres du peintre nous rappellent que la peinture est une construction&nbsp;: tout comme les arcades d\u00e9ploy\u00e9es dans un m\u00eame espace selon diff\u00e9rentes perspectives, elles semblent r\u00e9gies par des lois myst\u00e9rieuses. Emergeant de nulle part envahissant une partie du tableau d\u00e9coupant des formes obscures, ces artifices jouent avec les r\u00e8gles classiques de la repr\u00e9sentation et renforcent la puissance \u00e9nigmatique de la composition.&nbsp;<\/p>\n\n\n\n<div class=\"wp-block-image\"><figure class=\"aligncenter size-large\"><img loading=\"lazy\" width=\"455\" height=\"567\" src=\"https:\/\/galaxyartv.fr\/wp-content\/uploads\/2021\/01\/Portrait-de-Guillaume-Apollinaire.jpg\" alt=\"\" class=\"wp-image-1143\" srcset=\"https:\/\/galaxyartv.fr\/wp-content\/uploads\/2021\/01\/Portrait-de-Guillaume-Apollinaire.jpg 455w, https:\/\/galaxyartv.fr\/wp-content\/uploads\/2021\/01\/Portrait-de-Guillaume-Apollinaire-241x300.jpg 241w\" sizes=\"(max-width: 455px) 100vw, 455px\" \/><figcaption><strong>Portrait de Guillaume Apollinaire 1914 Huile et fusain sur toile, Centre Pompidou<\/strong><\/figcaption><\/figure><\/div>\n\n\n\n<h3><strong>La clairvoyance du po\u00e8te&nbsp;<\/strong><\/h3>\n\n\n\n<p><strong>Durant la guerre, &nbsp;<\/strong>Giorgio De Chirico&nbsp; mobilis\u00e9 \u00e0 Ferrare &nbsp;fait&nbsp; la connaissance des peintres Carlo Carr\u00e0 et Giorgio Morandi. La petite ville italienne devient alors le laboratoire de \u00ab&nbsp;la peinture m\u00e9taphysique&nbsp;\u00bb autour de ces trois personnalit\u00e9s artistiques<strong>. <\/strong>Chef-d\u2019\u0153uvre de cette &nbsp;p\u00e9riode,&nbsp;<em>Le Vaticinateur<\/em>&nbsp;(voyant), assis sur un billot de bois dont la forme cubique symbolise le monde mat\u00e9riel,&nbsp; porte le&nbsp; bandeau \u00e9toil\u00e9 des pr\u00eatres d\u2019anciens cultes initiatiques.&nbsp; Il pourrait symboliser&nbsp; la clairvoyance du po\u00e8te et du peintre capable de d\u00e9celer au-del\u00e0 du r\u00e9el la profonde v\u00e9rit\u00e9 du monde&nbsp;en d\u00e9chiffrant le pass\u00e9, en interpr\u00e9tant le pr\u00e9sent et pr\u00e9disant l\u2019avenir, &nbsp;th\u00e9matique ch\u00e8re \u00e0 l\u2019artiste.<\/p>\n\n\n\n<div class=\"wp-block-image\"><figure class=\"aligncenter size-large\"><img loading=\"lazy\" width=\"437\" height=\"567\" src=\"https:\/\/galaxyartv.fr\/wp-content\/uploads\/2021\/01\/Le-Vaticinateur-1.jpg\" alt=\"\" class=\"wp-image-1144\" srcset=\"https:\/\/galaxyartv.fr\/wp-content\/uploads\/2021\/01\/Le-Vaticinateur-1.jpg 437w, https:\/\/galaxyartv.fr\/wp-content\/uploads\/2021\/01\/Le-Vaticinateur-1-231x300.jpg 231w\" sizes=\"(max-width: 437px) 100vw, 437px\" \/><figcaption>Le Vaticinateur, hiver 1914-1915, huile sur toile, The Museum of Modern Art, New York.<\/figcaption><\/figure><\/div>\n\n\n\n<h3><strong>Ferrare&nbsp;1915- 1918&nbsp;: la grande folie du monde <\/strong><\/h3>\n\n\n\n<p><strong>En 1917, r\u00e9fugi\u00e9 dans un h\u00f4pital militaire, il d\u00e9peint dans ses tableaux les instruments de r\u00e9\u00e9ducation fonctionnelle, proth\u00e8ses et&nbsp; chaises pour \u00e9lectrochocs dans des mises en sc\u00e8nes gla\u00e7antes de mannequins, allusions \u00e0 peine voil\u00e9es aux mutil\u00e9s de guerre. Il pr\u00eate \u00e0 ces automates, assemblages de <\/strong>plaques de m\u00e9tal et de rivets, des attitudes humaines en les opposant aux statues, formes supr\u00eame de spiritualit\u00e9&nbsp;( <em>Le Revenant<\/em>) <strong>. Ces mannequins <\/strong>qui&nbsp; hantent d\u00e8s 1914 ses sc\u00e8nes m\u00e9taphysiques&nbsp;<strong>sont <\/strong>l\u2019expression d\u2019une incertitude face \u00e0 l\u2019absurdit\u00e9 de la condition humaine dans un monde en pleine industrialisation, domin\u00e9 par le mat\u00e9rialisme et marqu\u00e9 par la guerre. \u00ab Nous dispara\u00eetrons mais le mannequin restera&nbsp;\u00bb&nbsp;<\/p>\n\n\n\n<div class=\"wp-block-image\"><figure class=\"aligncenter size-large\"><img loading=\"lazy\" width=\"463\" height=\"567\" src=\"https:\/\/galaxyartv.fr\/wp-content\/uploads\/2021\/01\/Le-revenant.jpg\" alt=\"\" class=\"wp-image-1145\" srcset=\"https:\/\/galaxyartv.fr\/wp-content\/uploads\/2021\/01\/Le-revenant.jpg 463w, https:\/\/galaxyartv.fr\/wp-content\/uploads\/2021\/01\/Le-revenant-245x300.jpg 245w\" sizes=\"(max-width: 463px) 100vw, 463px\" \/><figcaption><strong>Le Revenant,&nbsp; 1917- 1918, huile sur toile, Centre Pompidou.<\/strong><\/figcaption><\/figure><\/div>\n\n\n\n<h3><strong><u>Une vision pr\u00e9monitoire&nbsp;? <\/u><\/strong><\/h3>\n\n\n\n<p>Giorgio De Chirico fait du myst\u00e8re et de la po\u00e9sie les fondements de sa peinture m\u00e9taphysique. Ses places d\u00e9sertes tach\u00e9es d\u2019ombres myst\u00e9rieuses sugg\u00e8rent &nbsp;une atmosph\u00e8re m\u00e9lancolique et inqui\u00e9tante. Les tableaux de Giorgio de Chirico sont atemporels et d\u2019une modernit\u00e9 saisissante&nbsp;: ce monde \u00e9trange et d\u00e9shumanis\u00e9 imagin\u00e9 il y a plus d\u2019un si\u00e8cle par cet&nbsp; artiste visionnaire&nbsp; entre \u00e9trangement en r\u00e9sonnance avec le monde actuel sid\u00e9r\u00e9 par la crise sanitaire mondiale&nbsp;.&nbsp;<\/p>\n\n\n\n<div class=\"wp-block-image\"><figure class=\"aligncenter size-large\"><img loading=\"lazy\" width=\"567\" height=\"496\" src=\"https:\/\/galaxyartv.fr\/wp-content\/uploads\/2021\/01\/LEnigme-dun-apres-midi-dautomne-2.jpg\" alt=\"\" class=\"wp-image-1146\" srcset=\"https:\/\/galaxyartv.fr\/wp-content\/uploads\/2021\/01\/LEnigme-dun-apres-midi-dautomne-2.jpg 567w, https:\/\/galaxyartv.fr\/wp-content\/uploads\/2021\/01\/LEnigme-dun-apres-midi-dautomne-2-300x262.jpg 300w\" sizes=\"(max-width: 567px) 100vw, 567px\" \/><figcaption><strong><em>&nbsp;L\u2019\u00c9nigme d\u2019un apr\u00e8s-midi d\u2019automne,<\/em> 1909-1910, huile sur toile, collection&nbsp; particuli\u00e8re<\/strong><\/figcaption><\/figure><\/div>\n\n\n\n<div class=\"wp-block-image\"><figure class=\"aligncenter size-large\"><img loading=\"lazy\" width=\"567\" height=\"424\" src=\"https:\/\/galaxyartv.fr\/wp-content\/uploads\/2021\/01\/rue-de-Rivoli.jpg\" alt=\"\" class=\"wp-image-1147\" srcset=\"https:\/\/galaxyartv.fr\/wp-content\/uploads\/2021\/01\/rue-de-Rivoli.jpg 567w, https:\/\/galaxyartv.fr\/wp-content\/uploads\/2021\/01\/rue-de-Rivoli-300x224.jpg 300w\" sizes=\"(max-width: 567px) 100vw, 567px\" \/><figcaption><strong>Paris, rue de Rivoli, 31 mars 2020.<\/strong><\/figcaption><\/figure><\/div>\n\n\n\n<p>&nbsp;<strong><em>\u00ab\u00a0Il y a bien plus d&rsquo;\u00e9nigmes dans l&rsquo;ombre&nbsp;d&rsquo;un&nbsp;homme qui marche au soleil que dans toutes les religions pass\u00e9es, pr\u00e9sentes et futures\u00a0\u00bb<\/em><\/strong>, revendique le peintre<\/p>\n\n\n\n<p>Article \u00e9crit sp\u00e9cialement pour Galaxy Art par Sandra Benoist-Chappot (conf\u00e9renci\u00e8re).<\/p>\n\n\n\n<p><\/p>\n\n\n\n<p><\/p>\n\n\n\n<p><\/p>\n\n\n\n<h2><\/h2>\n\n\n\n<p><\/p>\n","protected":false},"excerpt":{"rendered":"<p>\u00a0Giorgio De Chirico (1888-1978) la peinture m\u00e9taphysique\u00a0 Hommage \u00e0 Giorgio De Chirico L\u2019artiste italien Giorgio De Chirico, n\u00e9 en Gr\u00e8ce en 1888 et form\u00e9 \u00e0 l\u2019Acad\u00e9mie des beaux-arts de Munich est consid\u00e9r\u00e9 comme l\u2019un des plus grands peintres du XX\u00e8me si\u00e8cle. Profond\u00e9ment influenc\u00e9 par la pens\u00e9e de Nietzsche et la peinture d\u2019Arnold B\u00f6cklin, il pose&hellip; <br \/> <a class=\"read-more\" href=\"https:\/\/galaxyartv.fr\/index.php\/giorgio-de-chirico-1888-1978-la-peinture-metaphysique\/\">Lire la suite<\/a><\/p>\n","protected":false},"author":1,"featured_media":0,"parent":0,"menu_order":0,"comment_status":"open","ping_status":"closed","template":"page-templates\/homepage.php","meta":[],"yoast_head":"<!-- This site is optimized with the Yoast SEO plugin v17.1 - https:\/\/yoast.com\/wordpress\/plugins\/seo\/ -->\n<title>Giorgio De Chirico - Galaxy Art<\/title>\n<meta name=\"robots\" content=\"index, follow, max-snippet:-1, max-image-preview:large, max-video-preview:-1\" \/>\n<link rel=\"canonical\" href=\"https:\/\/galaxyartv.fr\/index.php\/giorgio-de-chirico-1888-1978-la-peinture-metaphysique\/\" \/>\n<meta property=\"og:locale\" content=\"fr_FR\" \/>\n<meta property=\"og:type\" content=\"article\" \/>\n<meta property=\"og:title\" content=\"Giorgio De Chirico - Galaxy Art\" \/>\n<meta property=\"og:description\" content=\"\u00a0Giorgio De Chirico (1888-1978) la peinture m\u00e9taphysique\u00a0 Hommage \u00e0 Giorgio De Chirico L\u2019artiste italien Giorgio De Chirico, n\u00e9 en Gr\u00e8ce en 1888 et form\u00e9 \u00e0 l\u2019Acad\u00e9mie des beaux-arts de Munich est consid\u00e9r\u00e9 comme l\u2019un des plus grands peintres du XX\u00e8me si\u00e8cle. Profond\u00e9ment influenc\u00e9 par la pens\u00e9e de Nietzsche et la peinture d\u2019Arnold B\u00f6cklin, il pose&hellip; Lire la suite\" \/>\n<meta property=\"og:url\" content=\"https:\/\/galaxyartv.fr\/index.php\/giorgio-de-chirico-1888-1978-la-peinture-metaphysique\/\" \/>\n<meta property=\"og:site_name\" content=\"Galaxy Art\" \/>\n<meta property=\"article:publisher\" content=\"https:\/\/www.facebook.com\/galaxyart.florencevivien.3\" \/>\n<meta property=\"article:modified_time\" content=\"2021-01-11T10:09:58+00:00\" \/>\n<meta property=\"og:image\" content=\"https:\/\/galaxyartv.fr\/wp-content\/uploads\/2021\/01\/LEnigme-dun-apres-midi-dautomne.jpg\" \/>\n<meta name=\"twitter:card\" content=\"summary_large_image\" \/>\n<meta name=\"twitter:label1\" content=\"Dur\u00e9e de lecture est.\" \/>\n\t<meta name=\"twitter:data1\" content=\"5 minutes\" \/>\n<script type=\"application\/ld+json\" class=\"yoast-schema-graph\">{\"@context\":\"https:\/\/schema.org\",\"@graph\":[{\"@type\":\"WebSite\",\"@id\":\"https:\/\/galaxyartv.fr\/#website\",\"url\":\"https:\/\/galaxyartv.fr\/\",\"name\":\"Galaxy Art\",\"description\":\"\",\"potentialAction\":[{\"@type\":\"SearchAction\",\"target\":{\"@type\":\"EntryPoint\",\"urlTemplate\":\"https:\/\/galaxyartv.fr\/?s={search_term_string}\"},\"query-input\":\"required name=search_term_string\"}],\"inLanguage\":\"fr-FR\"},{\"@type\":\"ImageObject\",\"@id\":\"https:\/\/galaxyartv.fr\/index.php\/giorgio-de-chirico-1888-1978-la-peinture-metaphysique\/#primaryimage\",\"inLanguage\":\"fr-FR\",\"url\":\"https:\/\/galaxyartv.fr\/wp-content\/uploads\/2021\/01\/LEnigme-dun-apres-midi-dautomne.jpg\",\"contentUrl\":\"https:\/\/galaxyartv.fr\/wp-content\/uploads\/2021\/01\/LEnigme-dun-apres-midi-dautomne.jpg\",\"width\":567,\"height\":414},{\"@type\":\"WebPage\",\"@id\":\"https:\/\/galaxyartv.fr\/index.php\/giorgio-de-chirico-1888-1978-la-peinture-metaphysique\/#webpage\",\"url\":\"https:\/\/galaxyartv.fr\/index.php\/giorgio-de-chirico-1888-1978-la-peinture-metaphysique\/\",\"name\":\"Giorgio De Chirico - Galaxy Art\",\"isPartOf\":{\"@id\":\"https:\/\/galaxyartv.fr\/#website\"},\"primaryImageOfPage\":{\"@id\":\"https:\/\/galaxyartv.fr\/index.php\/giorgio-de-chirico-1888-1978-la-peinture-metaphysique\/#primaryimage\"},\"datePublished\":\"2021-01-10T02:13:37+00:00\",\"dateModified\":\"2021-01-11T10:09:58+00:00\",\"breadcrumb\":{\"@id\":\"https:\/\/galaxyartv.fr\/index.php\/giorgio-de-chirico-1888-1978-la-peinture-metaphysique\/#breadcrumb\"},\"inLanguage\":\"fr-FR\",\"potentialAction\":[{\"@type\":\"ReadAction\",\"target\":[\"https:\/\/galaxyartv.fr\/index.php\/giorgio-de-chirico-1888-1978-la-peinture-metaphysique\/\"]}]},{\"@type\":\"BreadcrumbList\",\"@id\":\"https:\/\/galaxyartv.fr\/index.php\/giorgio-de-chirico-1888-1978-la-peinture-metaphysique\/#breadcrumb\",\"itemListElement\":[{\"@type\":\"ListItem\",\"position\":1,\"name\":\"Accueil\",\"item\":\"https:\/\/galaxyartv.fr\/\"},{\"@type\":\"ListItem\",\"position\":2,\"name\":\"Giorgio De Chirico\"}]}]}<\/script>\n<!-- \/ Yoast SEO plugin. -->","yoast_head_json":{"title":"Giorgio De Chirico - Galaxy Art","robots":{"index":"index","follow":"follow","max-snippet":"max-snippet:-1","max-image-preview":"max-image-preview:large","max-video-preview":"max-video-preview:-1"},"canonical":"https:\/\/galaxyartv.fr\/index.php\/giorgio-de-chirico-1888-1978-la-peinture-metaphysique\/","og_locale":"fr_FR","og_type":"article","og_title":"Giorgio De Chirico - Galaxy Art","og_description":"\u00a0Giorgio De Chirico (1888-1978) la peinture m\u00e9taphysique\u00a0 Hommage \u00e0 Giorgio De Chirico L\u2019artiste italien Giorgio De Chirico, n\u00e9 en Gr\u00e8ce en 1888 et form\u00e9 \u00e0 l\u2019Acad\u00e9mie des beaux-arts de Munich est consid\u00e9r\u00e9 comme l\u2019un des plus grands peintres du XX\u00e8me si\u00e8cle. Profond\u00e9ment influenc\u00e9 par la pens\u00e9e de Nietzsche et la peinture d\u2019Arnold B\u00f6cklin, il pose&hellip; Lire la suite","og_url":"https:\/\/galaxyartv.fr\/index.php\/giorgio-de-chirico-1888-1978-la-peinture-metaphysique\/","og_site_name":"Galaxy Art","article_publisher":"https:\/\/www.facebook.com\/galaxyart.florencevivien.3","article_modified_time":"2021-01-11T10:09:58+00:00","og_image":[{"url":"https:\/\/galaxyartv.fr\/wp-content\/uploads\/2021\/01\/LEnigme-dun-apres-midi-dautomne.jpg"}],"twitter_card":"summary_large_image","twitter_misc":{"Dur\u00e9e de lecture est.":"5 minutes"},"schema":{"@context":"https:\/\/schema.org","@graph":[{"@type":"WebSite","@id":"https:\/\/galaxyartv.fr\/#website","url":"https:\/\/galaxyartv.fr\/","name":"Galaxy Art","description":"","potentialAction":[{"@type":"SearchAction","target":{"@type":"EntryPoint","urlTemplate":"https:\/\/galaxyartv.fr\/?s={search_term_string}"},"query-input":"required name=search_term_string"}],"inLanguage":"fr-FR"},{"@type":"ImageObject","@id":"https:\/\/galaxyartv.fr\/index.php\/giorgio-de-chirico-1888-1978-la-peinture-metaphysique\/#primaryimage","inLanguage":"fr-FR","url":"https:\/\/galaxyartv.fr\/wp-content\/uploads\/2021\/01\/LEnigme-dun-apres-midi-dautomne.jpg","contentUrl":"https:\/\/galaxyartv.fr\/wp-content\/uploads\/2021\/01\/LEnigme-dun-apres-midi-dautomne.jpg","width":567,"height":414},{"@type":"WebPage","@id":"https:\/\/galaxyartv.fr\/index.php\/giorgio-de-chirico-1888-1978-la-peinture-metaphysique\/#webpage","url":"https:\/\/galaxyartv.fr\/index.php\/giorgio-de-chirico-1888-1978-la-peinture-metaphysique\/","name":"Giorgio De Chirico - Galaxy Art","isPartOf":{"@id":"https:\/\/galaxyartv.fr\/#website"},"primaryImageOfPage":{"@id":"https:\/\/galaxyartv.fr\/index.php\/giorgio-de-chirico-1888-1978-la-peinture-metaphysique\/#primaryimage"},"datePublished":"2021-01-10T02:13:37+00:00","dateModified":"2021-01-11T10:09:58+00:00","breadcrumb":{"@id":"https:\/\/galaxyartv.fr\/index.php\/giorgio-de-chirico-1888-1978-la-peinture-metaphysique\/#breadcrumb"},"inLanguage":"fr-FR","potentialAction":[{"@type":"ReadAction","target":["https:\/\/galaxyartv.fr\/index.php\/giorgio-de-chirico-1888-1978-la-peinture-metaphysique\/"]}]},{"@type":"BreadcrumbList","@id":"https:\/\/galaxyartv.fr\/index.php\/giorgio-de-chirico-1888-1978-la-peinture-metaphysique\/#breadcrumb","itemListElement":[{"@type":"ListItem","position":1,"name":"Accueil","item":"https:\/\/galaxyartv.fr\/"},{"@type":"ListItem","position":2,"name":"Giorgio De Chirico"}]}]}},"_links":{"self":[{"href":"https:\/\/galaxyartv.fr\/index.php\/wp-json\/wp\/v2\/pages\/1139"}],"collection":[{"href":"https:\/\/galaxyartv.fr\/index.php\/wp-json\/wp\/v2\/pages"}],"about":[{"href":"https:\/\/galaxyartv.fr\/index.php\/wp-json\/wp\/v2\/types\/page"}],"author":[{"embeddable":true,"href":"https:\/\/galaxyartv.fr\/index.php\/wp-json\/wp\/v2\/users\/1"}],"replies":[{"embeddable":true,"href":"https:\/\/galaxyartv.fr\/index.php\/wp-json\/wp\/v2\/comments?post=1139"}],"version-history":[{"count":7,"href":"https:\/\/galaxyartv.fr\/index.php\/wp-json\/wp\/v2\/pages\/1139\/revisions"}],"predecessor-version":[{"id":1170,"href":"https:\/\/galaxyartv.fr\/index.php\/wp-json\/wp\/v2\/pages\/1139\/revisions\/1170"}],"wp:attachment":[{"href":"https:\/\/galaxyartv.fr\/index.php\/wp-json\/wp\/v2\/media?parent=1139"}],"curies":[{"name":"wp","href":"https:\/\/api.w.org\/{rel}","templated":true}]}}