{"id":1755,"date":"2024-02-06T14:24:54","date_gmt":"2024-02-06T13:24:54","guid":{"rendered":"https:\/\/galaxyartv.fr\/?page_id=1755"},"modified":"2024-02-06T14:51:45","modified_gmt":"2024-02-06T13:51:45","slug":"turnkey-exhibitions","status":"publish","type":"page","link":"https:\/\/galaxyartv.fr\/index.php\/turnkey-exhibitions\/","title":{"rendered":"Turnkey Exhibitions"},"content":{"rendered":"\n<p class=\"has-text-align-left\"><strong>Pour les collectivit\u00e9s territoriales, les soci\u00e9t\u00e9s, les fondations, les Think Tank, les associations&nbsp;:<\/strong><\/p>\n\n\n\n<p class=\"has-text-align-left\"><strong>Afin de promouvoir l&rsquo;art contemporain aupr\u00e8s de vos citoyens, clients, membres ou adh\u00e9rents.<\/strong><\/p>\n\n\n\n<p><strong>Galaxy Art vous propose d\u2019exposer ses artistes\u00a0dans une exposition cl\u00e9s en main<\/strong>.\u00a0<\/p>\n\n\n\n<p><strong>Notre but, faire d\u00e9couvrir le milieu de l\u2019art, dans des lieux hors normes.\u00a0<\/strong><\/p>\n\n\n\n<p>C\u2019est pourquoi nous vous proposons ces projets d\u2019exposition adapt\u00e9e avec des artistes \u00e9mergents et prometteurs.<\/p>\n\n\n\n<p>Galaxy Art g\u00e8re tout (transport des \u0153uvres, pr\u00e9sentation des \u0153uvres, vernissage et finissage)<\/p>\n\n\n\n<p>Vous pourrez mettre en avant le projet via vos centres de diffusions.<\/p>\n\n\n\n<div style=\"height:50px\" aria-hidden=\"true\" class=\"wp-block-spacer\"><\/div>\n\n\n\n<p><strong>For local authorities, companies, foundations, Think Tanks, associations:<\/strong><\/p>\n\n\n\n<p><strong>In order to promote contemporary art to your citizens, customers, members or adherents.<\/strong><\/p>\n\n\n\n<p><strong>Galaxy Art offers you the opportunity to exhibit its artists in a turnkey exhibition.<\/strong><\/p>\n\n\n\n<p><strong>Our goal is to introduce people to the art world in extraordinary places.<\/strong><\/p>\n\n\n\n<p>This is why we offer you these adapted exhibition projects with emerging and promising artists.<\/p>\n\n\n\n<p>Galaxy Art manages everything (transport of works, presentation of works, opening and closing party)<\/p>\n\n\n\n<p>You will be able to highlight the project via your distribution centers.<\/p>\n\n\n\n<div style=\"height:50px\" aria-hidden=\"true\" class=\"wp-block-spacer\"><\/div>\n\n\n\n<figure class=\"wp-block-gallery columns-2 is-cropped\"><ul class=\"blocks-gallery-grid\"><li class=\"blocks-gallery-item\"><figure><img loading=\"lazy\" width=\"819\" height=\"1024\" src=\"https:\/\/galaxyartv.fr\/wp-content\/uploads\/2024\/02\/2024.02.06.-819x1024.jpg\" alt=\"\" data-id=\"1765\" data-full-url=\"https:\/\/galaxyartv.fr\/wp-content\/uploads\/2024\/02\/2024.02.06..jpg\" data-link=\"https:\/\/galaxyartv.fr\/index.php\/turnkey-exhibitions\/2024-02-06\/\" class=\"wp-image-1765\" srcset=\"https:\/\/galaxyartv.fr\/wp-content\/uploads\/2024\/02\/2024.02.06.-819x1024.jpg 819w, https:\/\/galaxyartv.fr\/wp-content\/uploads\/2024\/02\/2024.02.06.-240x300.jpg 240w, https:\/\/galaxyartv.fr\/wp-content\/uploads\/2024\/02\/2024.02.06.-768x960.jpg 768w, https:\/\/galaxyartv.fr\/wp-content\/uploads\/2024\/02\/2024.02.06.-1229x1536.jpg 1229w, https:\/\/galaxyartv.fr\/wp-content\/uploads\/2024\/02\/2024.02.06.-1024x1280.jpg 1024w, https:\/\/galaxyartv.fr\/wp-content\/uploads\/2024\/02\/2024.02.06.-864x1080.jpg 864w, https:\/\/galaxyartv.fr\/wp-content\/uploads\/2024\/02\/2024.02.06..jpg 1440w\" sizes=\"(max-width: 819px) 100vw, 819px\" \/><\/figure><\/li><li class=\"blocks-gallery-item\"><figure><img loading=\"lazy\" width=\"819\" height=\"1024\" src=\"https:\/\/galaxyartv.fr\/wp-content\/uploads\/2024\/02\/turnkey-exhibitions-galaxyart-819x1024.jpg\" alt=\"\" data-id=\"1757\" data-full-url=\"https:\/\/galaxyartv.fr\/wp-content\/uploads\/2024\/02\/turnkey-exhibitions-galaxyart.jpg\" data-link=\"https:\/\/galaxyartv.fr\/index.php\/turnkey-exhibitions\/turnkey-exhibitions-galaxyart\/\" class=\"wp-image-1757\" srcset=\"https:\/\/galaxyartv.fr\/wp-content\/uploads\/2024\/02\/turnkey-exhibitions-galaxyart-819x1024.jpg 819w, https:\/\/galaxyartv.fr\/wp-content\/uploads\/2024\/02\/turnkey-exhibitions-galaxyart-240x300.jpg 240w, https:\/\/galaxyartv.fr\/wp-content\/uploads\/2024\/02\/turnkey-exhibitions-galaxyart-768x960.jpg 768w, https:\/\/galaxyartv.fr\/wp-content\/uploads\/2024\/02\/turnkey-exhibitions-galaxyart-1229x1536.jpg 1229w, https:\/\/galaxyartv.fr\/wp-content\/uploads\/2024\/02\/turnkey-exhibitions-galaxyart-1024x1280.jpg 1024w, https:\/\/galaxyartv.fr\/wp-content\/uploads\/2024\/02\/turnkey-exhibitions-galaxyart-864x1080.jpg 864w, https:\/\/galaxyartv.fr\/wp-content\/uploads\/2024\/02\/turnkey-exhibitions-galaxyart.jpg 1440w\" sizes=\"(max-width: 819px) 100vw, 819px\" \/><\/figure><\/li><\/ul><\/figure>\n\n\n\n<p class=\"has-text-align-center\"><em>Artiste : Yvan Marin Boutrais<\/em><\/p>\n\n\n\n<p><\/p>\n","protected":false},"excerpt":{"rendered":"<p>Pour les collectivit\u00e9s territoriales, les soci\u00e9t\u00e9s, les fondations, les Think Tank, les associations&nbsp;: Afin de promouvoir l&rsquo;art contemporain aupr\u00e8s de vos citoyens, clients, membres ou adh\u00e9rents. Galaxy Art vous propose d\u2019exposer ses artistes\u00a0dans une exposition cl\u00e9s en main.\u00a0 Notre but, faire d\u00e9couvrir le milieu de l\u2019art, dans des lieux hors normes.\u00a0 C\u2019est pourquoi nous vous&hellip; <br \/> <a class=\"read-more\" href=\"https:\/\/galaxyartv.fr\/index.php\/turnkey-exhibitions\/\">Lire la suite<\/a><\/p>\n","protected":false},"author":1,"featured_media":1761,"parent":0,"menu_order":0,"comment_status":"closed","ping_status":"closed","template":"","meta":[],"yoast_head":"<!-- This site is optimized with the Yoast SEO plugin v17.1 - https:\/\/yoast.com\/wordpress\/plugins\/seo\/ -->\n<title>Turnkey Exhibitions - Galaxy Art<\/title>\n<meta name=\"robots\" content=\"index, follow, max-snippet:-1, max-image-preview:large, max-video-preview:-1\" \/>\n<link rel=\"canonical\" href=\"https:\/\/galaxyartv.fr\/index.php\/turnkey-exhibitions\/\" \/>\n<meta property=\"og:locale\" content=\"fr_FR\" \/>\n<meta property=\"og:type\" content=\"article\" \/>\n<meta property=\"og:title\" content=\"Turnkey Exhibitions - Galaxy Art\" \/>\n<meta property=\"og:description\" content=\"Pour les collectivit\u00e9s territoriales, les soci\u00e9t\u00e9s, les fondations, les Think Tank, les associations&nbsp;: Afin de promouvoir l&rsquo;art contemporain aupr\u00e8s de vos citoyens, clients, membres ou adh\u00e9rents. Galaxy Art vous propose d\u2019exposer ses artistes\u00a0dans une exposition cl\u00e9s en main.\u00a0 Notre but, faire d\u00e9couvrir le milieu de l\u2019art, dans des lieux hors normes.\u00a0 C\u2019est pourquoi nous vous&hellip; Lire la suite\" \/>\n<meta property=\"og:url\" content=\"https:\/\/galaxyartv.fr\/index.php\/turnkey-exhibitions\/\" \/>\n<meta property=\"og:site_name\" content=\"Galaxy Art\" \/>\n<meta property=\"article:publisher\" content=\"https:\/\/www.facebook.com\/galaxyart.florencevivien.3\" \/>\n<meta property=\"article:modified_time\" content=\"2024-02-06T13:51:45+00:00\" \/>\n<meta property=\"og:image\" content=\"https:\/\/galaxyartv.fr\/wp-content\/uploads\/2024\/02\/MANDIN-LE-BAISER-ceramique-engobee-et-emaillee-cuisson-raku-Hauteur-33-cm-2019-2.jpg\" \/>\n\t<meta property=\"og:image:width\" content=\"2199\" \/>\n\t<meta property=\"og:image:height\" content=\"1138\" \/>\n<meta name=\"twitter:card\" content=\"summary_large_image\" \/>\n<meta name=\"twitter:label1\" content=\"Dur\u00e9e de lecture est.\" \/>\n\t<meta name=\"twitter:data1\" content=\"2 minutes\" \/>\n<script type=\"application\/ld+json\" class=\"yoast-schema-graph\">{\"@context\":\"https:\/\/schema.org\",\"@graph\":[{\"@type\":\"WebSite\",\"@id\":\"https:\/\/galaxyartv.fr\/#website\",\"url\":\"https:\/\/galaxyartv.fr\/\",\"name\":\"Galaxy Art\",\"description\":\"\",\"potentialAction\":[{\"@type\":\"SearchAction\",\"target\":{\"@type\":\"EntryPoint\",\"urlTemplate\":\"https:\/\/galaxyartv.fr\/?s={search_term_string}\"},\"query-input\":\"required name=search_term_string\"}],\"inLanguage\":\"fr-FR\"},{\"@type\":\"ImageObject\",\"@id\":\"https:\/\/galaxyartv.fr\/index.php\/turnkey-exhibitions\/#primaryimage\",\"inLanguage\":\"fr-FR\",\"url\":\"https:\/\/galaxyartv.fr\/wp-content\/uploads\/2024\/02\/MANDIN-LE-BAISER-ceramique-engobee-et-emaillee-cuisson-raku-Hauteur-33-cm-2019-2.jpg\",\"contentUrl\":\"https:\/\/galaxyartv.fr\/wp-content\/uploads\/2024\/02\/MANDIN-LE-BAISER-ceramique-engobee-et-emaillee-cuisson-raku-Hauteur-33-cm-2019-2.jpg\",\"width\":2199,\"height\":1138},{\"@type\":\"WebPage\",\"@id\":\"https:\/\/galaxyartv.fr\/index.php\/turnkey-exhibitions\/#webpage\",\"url\":\"https:\/\/galaxyartv.fr\/index.php\/turnkey-exhibitions\/\",\"name\":\"Turnkey Exhibitions - Galaxy Art\",\"isPartOf\":{\"@id\":\"https:\/\/galaxyartv.fr\/#website\"},\"primaryImageOfPage\":{\"@id\":\"https:\/\/galaxyartv.fr\/index.php\/turnkey-exhibitions\/#primaryimage\"},\"datePublished\":\"2024-02-06T13:24:54+00:00\",\"dateModified\":\"2024-02-06T13:51:45+00:00\",\"breadcrumb\":{\"@id\":\"https:\/\/galaxyartv.fr\/index.php\/turnkey-exhibitions\/#breadcrumb\"},\"inLanguage\":\"fr-FR\",\"potentialAction\":[{\"@type\":\"ReadAction\",\"target\":[\"https:\/\/galaxyartv.fr\/index.php\/turnkey-exhibitions\/\"]}]},{\"@type\":\"BreadcrumbList\",\"@id\":\"https:\/\/galaxyartv.fr\/index.php\/turnkey-exhibitions\/#breadcrumb\",\"itemListElement\":[{\"@type\":\"ListItem\",\"position\":1,\"name\":\"Accueil\",\"item\":\"https:\/\/galaxyartv.fr\/\"},{\"@type\":\"ListItem\",\"position\":2,\"name\":\"Turnkey Exhibitions\"}]}]}<\/script>\n<!-- \/ Yoast SEO plugin. -->","yoast_head_json":{"title":"Turnkey Exhibitions - Galaxy Art","robots":{"index":"index","follow":"follow","max-snippet":"max-snippet:-1","max-image-preview":"max-image-preview:large","max-video-preview":"max-video-preview:-1"},"canonical":"https:\/\/galaxyartv.fr\/index.php\/turnkey-exhibitions\/","og_locale":"fr_FR","og_type":"article","og_title":"Turnkey Exhibitions - Galaxy Art","og_description":"Pour les collectivit\u00e9s territoriales, les soci\u00e9t\u00e9s, les fondations, les Think Tank, les associations&nbsp;: Afin de promouvoir l&rsquo;art contemporain aupr\u00e8s de vos citoyens, clients, membres ou adh\u00e9rents. Galaxy Art vous propose d\u2019exposer ses artistes\u00a0dans une exposition cl\u00e9s en main.\u00a0 Notre but, faire d\u00e9couvrir le milieu de l\u2019art, dans des lieux hors normes.\u00a0 C\u2019est pourquoi nous vous&hellip; Lire la suite","og_url":"https:\/\/galaxyartv.fr\/index.php\/turnkey-exhibitions\/","og_site_name":"Galaxy Art","article_publisher":"https:\/\/www.facebook.com\/galaxyart.florencevivien.3","article_modified_time":"2024-02-06T13:51:45+00:00","og_image":[{"width":2199,"height":1138,"url":"https:\/\/galaxyartv.fr\/wp-content\/uploads\/2024\/02\/MANDIN-LE-BAISER-ceramique-engobee-et-emaillee-cuisson-raku-Hauteur-33-cm-2019-2.jpg","path":"\/home\/galaxyarxq\/www\/wp-content\/uploads\/2024\/02\/MANDIN-LE-BAISER-ceramique-engobee-et-emaillee-cuisson-raku-Hauteur-33-cm-2019-2.jpg","size":"full","id":1761,"alt":"","pixels":2502462,"type":"image\/jpeg"}],"twitter_card":"summary_large_image","twitter_misc":{"Dur\u00e9e de lecture est.":"2 minutes"},"schema":{"@context":"https:\/\/schema.org","@graph":[{"@type":"WebSite","@id":"https:\/\/galaxyartv.fr\/#website","url":"https:\/\/galaxyartv.fr\/","name":"Galaxy Art","description":"","potentialAction":[{"@type":"SearchAction","target":{"@type":"EntryPoint","urlTemplate":"https:\/\/galaxyartv.fr\/?s={search_term_string}"},"query-input":"required name=search_term_string"}],"inLanguage":"fr-FR"},{"@type":"ImageObject","@id":"https:\/\/galaxyartv.fr\/index.php\/turnkey-exhibitions\/#primaryimage","inLanguage":"fr-FR","url":"https:\/\/galaxyartv.fr\/wp-content\/uploads\/2024\/02\/MANDIN-LE-BAISER-ceramique-engobee-et-emaillee-cuisson-raku-Hauteur-33-cm-2019-2.jpg","contentUrl":"https:\/\/galaxyartv.fr\/wp-content\/uploads\/2024\/02\/MANDIN-LE-BAISER-ceramique-engobee-et-emaillee-cuisson-raku-Hauteur-33-cm-2019-2.jpg","width":2199,"height":1138},{"@type":"WebPage","@id":"https:\/\/galaxyartv.fr\/index.php\/turnkey-exhibitions\/#webpage","url":"https:\/\/galaxyartv.fr\/index.php\/turnkey-exhibitions\/","name":"Turnkey Exhibitions - Galaxy Art","isPartOf":{"@id":"https:\/\/galaxyartv.fr\/#website"},"primaryImageOfPage":{"@id":"https:\/\/galaxyartv.fr\/index.php\/turnkey-exhibitions\/#primaryimage"},"datePublished":"2024-02-06T13:24:54+00:00","dateModified":"2024-02-06T13:51:45+00:00","breadcrumb":{"@id":"https:\/\/galaxyartv.fr\/index.php\/turnkey-exhibitions\/#breadcrumb"},"inLanguage":"fr-FR","potentialAction":[{"@type":"ReadAction","target":["https:\/\/galaxyartv.fr\/index.php\/turnkey-exhibitions\/"]}]},{"@type":"BreadcrumbList","@id":"https:\/\/galaxyartv.fr\/index.php\/turnkey-exhibitions\/#breadcrumb","itemListElement":[{"@type":"ListItem","position":1,"name":"Accueil","item":"https:\/\/galaxyartv.fr\/"},{"@type":"ListItem","position":2,"name":"Turnkey Exhibitions"}]}]}},"_links":{"self":[{"href":"https:\/\/galaxyartv.fr\/index.php\/wp-json\/wp\/v2\/pages\/1755"}],"collection":[{"href":"https:\/\/galaxyartv.fr\/index.php\/wp-json\/wp\/v2\/pages"}],"about":[{"href":"https:\/\/galaxyartv.fr\/index.php\/wp-json\/wp\/v2\/types\/page"}],"author":[{"embeddable":true,"href":"https:\/\/galaxyartv.fr\/index.php\/wp-json\/wp\/v2\/users\/1"}],"replies":[{"embeddable":true,"href":"https:\/\/galaxyartv.fr\/index.php\/wp-json\/wp\/v2\/comments?post=1755"}],"version-history":[{"count":10,"href":"https:\/\/galaxyartv.fr\/index.php\/wp-json\/wp\/v2\/pages\/1755\/revisions"}],"predecessor-version":[{"id":1776,"href":"https:\/\/galaxyartv.fr\/index.php\/wp-json\/wp\/v2\/pages\/1755\/revisions\/1776"}],"wp:featuredmedia":[{"embeddable":true,"href":"https:\/\/galaxyartv.fr\/index.php\/wp-json\/wp\/v2\/media\/1761"}],"wp:attachment":[{"href":"https:\/\/galaxyartv.fr\/index.php\/wp-json\/wp\/v2\/media?parent=1755"}],"curies":[{"name":"wp","href":"https:\/\/api.w.org\/{rel}","templated":true}]}}