{"id":201,"date":"2019-07-16T02:17:41","date_gmt":"2019-07-16T00:17:41","guid":{"rendered":"http:\/\/galaxyartv.fr\/?page_id=201"},"modified":"2023-11-21T13:56:17","modified_gmt":"2023-11-21T12:56:17","slug":"santiago-azcuy","status":"publish","type":"page","link":"https:\/\/galaxyartv.fr\/index.php\/santiago-azcuy\/","title":{"rendered":"Santiago Azcuy"},"content":{"rendered":"\n<figure class=\"wp-block-gallery aligncenter columns-3\"><ul class=\"blocks-gallery-grid\"><li class=\"blocks-gallery-item\"><figure><a href=\"http:\/\/galaxyartv.fr\/?attachment_id=202\"><img loading=\"lazy\" width=\"224\" height=\"300\" src=\"https:\/\/galaxyartv.fr\/wp-content\/uploads\/2019\/07\/2018.04.29-1-224x300.jpg\" alt=\"\" data-id=\"202\" data-link=\"http:\/\/galaxyartv.fr\/?attachment_id=202\" class=\"wp-image-202\" srcset=\"https:\/\/galaxyartv.fr\/wp-content\/uploads\/2019\/07\/2018.04.29-1-224x300.jpg 224w, https:\/\/galaxyartv.fr\/wp-content\/uploads\/2019\/07\/2018.04.29-1.jpg 318w\" sizes=\"(max-width: 224px) 100vw, 224px\" \/><\/a><\/figure><\/li><li class=\"blocks-gallery-item\"><figure><a href=\"http:\/\/galaxyartv.fr\/?attachment_id=204\"><img loading=\"lazy\" width=\"300\" height=\"297\" src=\"https:\/\/galaxyartv.fr\/wp-content\/uploads\/2019\/07\/2019.04.29-1-300x297.jpg\" alt=\"\" data-id=\"204\" data-link=\"http:\/\/galaxyartv.fr\/?attachment_id=204\" class=\"wp-image-204\" srcset=\"https:\/\/galaxyartv.fr\/wp-content\/uploads\/2019\/07\/2019.04.29-1-300x297.jpg 300w, https:\/\/galaxyartv.fr\/wp-content\/uploads\/2019\/07\/2019.04.29-1-150x150.jpg 150w, https:\/\/galaxyartv.fr\/wp-content\/uploads\/2019\/07\/2019.04.29-1.jpg 429w\" sizes=\"(max-width: 300px) 100vw, 300px\" \/><\/a><\/figure><\/li><li class=\"blocks-gallery-item\"><figure><a href=\"http:\/\/galaxyartv.fr\/?attachment_id=203\"><img loading=\"lazy\" width=\"229\" height=\"300\" src=\"https:\/\/galaxyartv.fr\/wp-content\/uploads\/2019\/07\/2019.04.28-1-229x300.jpg\" alt=\"\" data-id=\"203\" data-link=\"http:\/\/galaxyartv.fr\/?attachment_id=203\" class=\"wp-image-203\" srcset=\"https:\/\/galaxyartv.fr\/wp-content\/uploads\/2019\/07\/2019.04.28-1-229x300.jpg 229w, https:\/\/galaxyartv.fr\/wp-content\/uploads\/2019\/07\/2019.04.28-1.jpg 325w\" sizes=\"(max-width: 229px) 100vw, 229px\" \/><\/a><\/figure><\/li><li class=\"blocks-gallery-item\"><figure><a href=\"https:\/\/galaxyartv.fr\/index.php\/santiago-azcuy\/yellow-cosmos-acrylic-on-canvas-130x80cm-by-santiago-azcuy\/\"><img loading=\"lazy\" width=\"1024\" height=\"642\" src=\"https:\/\/galaxyartv.fr\/wp-content\/uploads\/2020\/07\/Yellow-Cosmos-Acrylic-on-canvas-130X80cm-by-Santiago-AZCUY.jpg\" alt=\"\" data-id=\"1058\" data-full-url=\"https:\/\/galaxyartv.fr\/wp-content\/uploads\/2020\/07\/Yellow-Cosmos-Acrylic-on-canvas-130X80cm-by-Santiago-AZCUY.jpg\" data-link=\"https:\/\/galaxyartv.fr\/index.php\/santiago-azcuy\/yellow-cosmos-acrylic-on-canvas-130x80cm-by-santiago-azcuy\/\" class=\"wp-image-1058\" srcset=\"https:\/\/galaxyartv.fr\/wp-content\/uploads\/2020\/07\/Yellow-Cosmos-Acrylic-on-canvas-130X80cm-by-Santiago-AZCUY.jpg 1024w, https:\/\/galaxyartv.fr\/wp-content\/uploads\/2020\/07\/Yellow-Cosmos-Acrylic-on-canvas-130X80cm-by-Santiago-AZCUY-300x188.jpg 300w, https:\/\/galaxyartv.fr\/wp-content\/uploads\/2020\/07\/Yellow-Cosmos-Acrylic-on-canvas-130X80cm-by-Santiago-AZCUY-768x482.jpg 768w, https:\/\/galaxyartv.fr\/wp-content\/uploads\/2020\/07\/Yellow-Cosmos-Acrylic-on-canvas-130X80cm-by-Santiago-AZCUY-240x150.jpg 240w, https:\/\/galaxyartv.fr\/wp-content\/uploads\/2020\/07\/Yellow-Cosmos-Acrylic-on-canvas-130X80cm-by-Santiago-AZCUY-80x50.jpg 80w\" sizes=\"(max-width: 1024px) 100vw, 1024px\" \/><\/a><\/figure><\/li><\/ul><\/figure>\n\n\n\n<p>Born in May 16, 1990 in Buenos Aires, Argentina, Santiago Azcuy draws from his youngest age. This is the tool he\u2019s always used to express himself. After artistic studies, he realized how to channel his emotions through art. He painted significant works with a surreal and fantastic atmosphere. No doubt this further step will lead him towards a still greater maturity.<\/p>\n\n\n\n<p>N\u00e9 le 16 mai 1990 \u00e0 Buenos Aires (Argentine), Santiago Azcuy dessine depuis sa tendre enfance. C\u2019est le moyen qu\u2019il a toujours utilis\u00e9 pour s\u2019exprimer.&nbsp; Apr\u00e8s des \u00e9tudes artistiques, il a compris comment mieux canaliser ses \u00e9motions au travers de la peinture. Il a ainsi pu r\u00e9aliser des toiles significatives \u00e0 l\u2019atmosph\u00e8re fantastique et surr\u00e9elle. Nul doute que cette \u00e9tape le conduise vers une maturit\u00e9 artistique de plus en plus grande. <\/p>\n\n\n\n<p><em>\u00a9 Copyright&nbsp;2020 \u2013 Galaxy Art&nbsp;\u2013 All right reserved<\/em><br><\/p>\n","protected":false},"excerpt":{"rendered":"<p>Born in May 16, 1990 in Buenos Aires, Argentina, Santiago Azcuy draws from his youngest age. This is the tool he\u2019s always used to express himself. After artistic studies, he realized how to channel his emotions through art. He painted significant works with a surreal and fantastic atmosphere. No doubt this further step will lead&hellip; <br \/> <a class=\"read-more\" href=\"https:\/\/galaxyartv.fr\/index.php\/santiago-azcuy\/\">Lire la suite<\/a><\/p>\n","protected":false},"author":1,"featured_media":202,"parent":0,"menu_order":0,"comment_status":"closed","ping_status":"closed","template":"","meta":[],"yoast_head":"<!-- This site is optimized with the Yoast SEO plugin v17.1 - https:\/\/yoast.com\/wordpress\/plugins\/seo\/ -->\n<title>Santiago Azcuy - Galaxy Art<\/title>\n<meta name=\"robots\" content=\"index, follow, max-snippet:-1, max-image-preview:large, max-video-preview:-1\" \/>\n<link rel=\"canonical\" href=\"https:\/\/galaxyartv.fr\/index.php\/santiago-azcuy\/\" \/>\n<meta property=\"og:locale\" content=\"fr_FR\" \/>\n<meta property=\"og:type\" content=\"article\" \/>\n<meta property=\"og:title\" content=\"Santiago Azcuy - Galaxy Art\" \/>\n<meta property=\"og:description\" content=\"Born in May 16, 1990 in Buenos Aires, Argentina, Santiago Azcuy draws from his youngest age. This is the tool he\u2019s always used to express himself. After artistic studies, he realized how to channel his emotions through art. He painted significant works with a surreal and fantastic atmosphere. No doubt this further step will lead&hellip; Lire la suite\" \/>\n<meta property=\"og:url\" content=\"https:\/\/galaxyartv.fr\/index.php\/santiago-azcuy\/\" \/>\n<meta property=\"og:site_name\" content=\"Galaxy Art\" \/>\n<meta property=\"article:publisher\" content=\"https:\/\/www.facebook.com\/galaxyart.florencevivien.3\" \/>\n<meta property=\"article:modified_time\" content=\"2023-11-21T12:56:17+00:00\" \/>\n<meta property=\"og:image\" content=\"https:\/\/galaxyartv.fr\/wp-content\/uploads\/2019\/07\/2018.04.29-1.jpg\" \/>\n\t<meta property=\"og:image:width\" content=\"318\" \/>\n\t<meta property=\"og:image:height\" content=\"425\" \/>\n<meta name=\"twitter:card\" content=\"summary_large_image\" \/>\n<meta name=\"twitter:label1\" content=\"Dur\u00e9e de lecture est.\" \/>\n\t<meta name=\"twitter:data1\" content=\"1 minute\" \/>\n<script type=\"application\/ld+json\" class=\"yoast-schema-graph\">{\"@context\":\"https:\/\/schema.org\",\"@graph\":[{\"@type\":\"WebSite\",\"@id\":\"https:\/\/galaxyartv.fr\/#website\",\"url\":\"https:\/\/galaxyartv.fr\/\",\"name\":\"Galaxy Art\",\"description\":\"\",\"potentialAction\":[{\"@type\":\"SearchAction\",\"target\":{\"@type\":\"EntryPoint\",\"urlTemplate\":\"https:\/\/galaxyartv.fr\/?s={search_term_string}\"},\"query-input\":\"required name=search_term_string\"}],\"inLanguage\":\"fr-FR\"},{\"@type\":\"ImageObject\",\"@id\":\"https:\/\/galaxyartv.fr\/index.php\/santiago-azcuy\/#primaryimage\",\"inLanguage\":\"fr-FR\",\"url\":\"https:\/\/galaxyartv.fr\/wp-content\/uploads\/2019\/07\/2018.04.29-1.jpg\",\"contentUrl\":\"https:\/\/galaxyartv.fr\/wp-content\/uploads\/2019\/07\/2018.04.29-1.jpg\",\"width\":318,\"height\":425},{\"@type\":\"WebPage\",\"@id\":\"https:\/\/galaxyartv.fr\/index.php\/santiago-azcuy\/#webpage\",\"url\":\"https:\/\/galaxyartv.fr\/index.php\/santiago-azcuy\/\",\"name\":\"Santiago Azcuy - Galaxy Art\",\"isPartOf\":{\"@id\":\"https:\/\/galaxyartv.fr\/#website\"},\"primaryImageOfPage\":{\"@id\":\"https:\/\/galaxyartv.fr\/index.php\/santiago-azcuy\/#primaryimage\"},\"datePublished\":\"2019-07-16T00:17:41+00:00\",\"dateModified\":\"2023-11-21T12:56:17+00:00\",\"breadcrumb\":{\"@id\":\"https:\/\/galaxyartv.fr\/index.php\/santiago-azcuy\/#breadcrumb\"},\"inLanguage\":\"fr-FR\",\"potentialAction\":[{\"@type\":\"ReadAction\",\"target\":[\"https:\/\/galaxyartv.fr\/index.php\/santiago-azcuy\/\"]}]},{\"@type\":\"BreadcrumbList\",\"@id\":\"https:\/\/galaxyartv.fr\/index.php\/santiago-azcuy\/#breadcrumb\",\"itemListElement\":[{\"@type\":\"ListItem\",\"position\":1,\"name\":\"Accueil\",\"item\":\"https:\/\/galaxyartv.fr\/\"},{\"@type\":\"ListItem\",\"position\":2,\"name\":\"Santiago Azcuy\"}]}]}<\/script>\n<!-- \/ Yoast SEO plugin. -->","yoast_head_json":{"title":"Santiago Azcuy - Galaxy Art","robots":{"index":"index","follow":"follow","max-snippet":"max-snippet:-1","max-image-preview":"max-image-preview:large","max-video-preview":"max-video-preview:-1"},"canonical":"https:\/\/galaxyartv.fr\/index.php\/santiago-azcuy\/","og_locale":"fr_FR","og_type":"article","og_title":"Santiago Azcuy - Galaxy Art","og_description":"Born in May 16, 1990 in Buenos Aires, Argentina, Santiago Azcuy draws from his youngest age. This is the tool he\u2019s always used to express himself. After artistic studies, he realized how to channel his emotions through art. He painted significant works with a surreal and fantastic atmosphere. No doubt this further step will lead&hellip; Lire la suite","og_url":"https:\/\/galaxyartv.fr\/index.php\/santiago-azcuy\/","og_site_name":"Galaxy Art","article_publisher":"https:\/\/www.facebook.com\/galaxyart.florencevivien.3","article_modified_time":"2023-11-21T12:56:17+00:00","og_image":[{"width":318,"height":425,"url":"https:\/\/galaxyartv.fr\/wp-content\/uploads\/2019\/07\/2018.04.29-1.jpg","path":"\/home\/galaxyarxq\/www\/wp-content\/uploads\/2019\/07\/2018.04.29-1.jpg","size":"full","id":202,"alt":"","pixels":135150,"type":"image\/jpeg"}],"twitter_card":"summary_large_image","twitter_misc":{"Dur\u00e9e de lecture est.":"1 minute"},"schema":{"@context":"https:\/\/schema.org","@graph":[{"@type":"WebSite","@id":"https:\/\/galaxyartv.fr\/#website","url":"https:\/\/galaxyartv.fr\/","name":"Galaxy Art","description":"","potentialAction":[{"@type":"SearchAction","target":{"@type":"EntryPoint","urlTemplate":"https:\/\/galaxyartv.fr\/?s={search_term_string}"},"query-input":"required name=search_term_string"}],"inLanguage":"fr-FR"},{"@type":"ImageObject","@id":"https:\/\/galaxyartv.fr\/index.php\/santiago-azcuy\/#primaryimage","inLanguage":"fr-FR","url":"https:\/\/galaxyartv.fr\/wp-content\/uploads\/2019\/07\/2018.04.29-1.jpg","contentUrl":"https:\/\/galaxyartv.fr\/wp-content\/uploads\/2019\/07\/2018.04.29-1.jpg","width":318,"height":425},{"@type":"WebPage","@id":"https:\/\/galaxyartv.fr\/index.php\/santiago-azcuy\/#webpage","url":"https:\/\/galaxyartv.fr\/index.php\/santiago-azcuy\/","name":"Santiago Azcuy - Galaxy Art","isPartOf":{"@id":"https:\/\/galaxyartv.fr\/#website"},"primaryImageOfPage":{"@id":"https:\/\/galaxyartv.fr\/index.php\/santiago-azcuy\/#primaryimage"},"datePublished":"2019-07-16T00:17:41+00:00","dateModified":"2023-11-21T12:56:17+00:00","breadcrumb":{"@id":"https:\/\/galaxyartv.fr\/index.php\/santiago-azcuy\/#breadcrumb"},"inLanguage":"fr-FR","potentialAction":[{"@type":"ReadAction","target":["https:\/\/galaxyartv.fr\/index.php\/santiago-azcuy\/"]}]},{"@type":"BreadcrumbList","@id":"https:\/\/galaxyartv.fr\/index.php\/santiago-azcuy\/#breadcrumb","itemListElement":[{"@type":"ListItem","position":1,"name":"Accueil","item":"https:\/\/galaxyartv.fr\/"},{"@type":"ListItem","position":2,"name":"Santiago Azcuy"}]}]}},"_links":{"self":[{"href":"https:\/\/galaxyartv.fr\/index.php\/wp-json\/wp\/v2\/pages\/201"}],"collection":[{"href":"https:\/\/galaxyartv.fr\/index.php\/wp-json\/wp\/v2\/pages"}],"about":[{"href":"https:\/\/galaxyartv.fr\/index.php\/wp-json\/wp\/v2\/types\/page"}],"author":[{"embeddable":true,"href":"https:\/\/galaxyartv.fr\/index.php\/wp-json\/wp\/v2\/users\/1"}],"replies":[{"embeddable":true,"href":"https:\/\/galaxyartv.fr\/index.php\/wp-json\/wp\/v2\/comments?post=201"}],"version-history":[{"count":8,"href":"https:\/\/galaxyartv.fr\/index.php\/wp-json\/wp\/v2\/pages\/201\/revisions"}],"predecessor-version":[{"id":1677,"href":"https:\/\/galaxyartv.fr\/index.php\/wp-json\/wp\/v2\/pages\/201\/revisions\/1677"}],"wp:featuredmedia":[{"embeddable":true,"href":"https:\/\/galaxyartv.fr\/index.php\/wp-json\/wp\/v2\/media\/202"}],"wp:attachment":[{"href":"https:\/\/galaxyartv.fr\/index.php\/wp-json\/wp\/v2\/media?parent=201"}],"curies":[{"name":"wp","href":"https:\/\/api.w.org\/{rel}","templated":true}]}}