{"id":235,"date":"2019-07-18T12:34:11","date_gmt":"2019-07-18T10:34:11","guid":{"rendered":"http:\/\/galaxyartv.fr\/?page_id=235"},"modified":"2025-06-17T17:12:01","modified_gmt":"2025-06-17T15:12:01","slug":"about-gallery","status":"publish","type":"page","link":"https:\/\/galaxyartv.fr\/index.php\/about-gallery\/","title":{"rendered":"About Gallery"},"content":{"rendered":"\n<h2>About Gallery<\/h2>\n\n\n\n<p>Galerie Florence Vivien represents international emerging artists dedicated to the boundless exploration of the creative process. At Galerie Florence Vivien, contemporary works are seen as subjective view points comprised of a multitude of interactions and collisions.<br><br>Florence Vivien, Director and Curator of Galerie Florence Vivien, is inspired by the various artistic movements throughout our history. To Florence, art is a way we view the world, our friendships, and the narratives that shape our lives. Her path, punctuated by art conferences and exhibitions, as well as travels around the world have given her desire and will to launch this new adventure. After a life spent in the world of Finance, Florence created Galerie Florence Vivien to share her passion, help the emergent artists and she believes in the power of art to impact and change the world around us.<br><br>Artists- painters and sculptors promoted by Galerie Florence Vivien, come from South America (Argentina), China, France, Germany, Bahrein, Kazakhstan and Pakistan.<br><br>In 2019, Galerie Florence Vivien took part in Art Fairs in France (Paris), Belgium, Luxemburg, Switzerland and exhibited artworks by the artist-painter Sujata Dere in Switzerland.<\/p>\n\n\n\n<p>In 2020, Galerie Florence Vivien participated to Salon International du Portrait \u00e0 Le Mans, where she exhibited there 3 paintings by the Argentinian artist-painter Daniel Dankh and participated to Salon des Artistes Ind\u00e9pendants at ART CAPITAL at Grand Palais (Paris) exhibiting one huge oil painting on canvas by the French-German artist-painter G\u00e9raldine Courtes-Warrass.<\/p>\n\n\n\n<p>In 2022, Galerie Florence Vivien participated to the Salon des Portraits at la Bastille Design Center in Paris to exhibit 2 artistic photographs made by a Pakistani (from Balochistan) anthropologist&nbsp;and artist Rahim Khetran.<\/p>\n\n\n\n<p>In 2023, Galerie Florence Vivien exhibited at the Salon du Portrait at La Bastille\u00a0 Design\u00a0Center a beautiful color felt pens drawing representing a Kazakh woman with his baby in her arms made by Rassilbek Estemesov, a Kazakh artist.<\/p>\n\n\n\n<p>In April 2025, an exhibition of the artistic photographs of Rahim Khetran, the Pakistani artistic and visual anthropologist promoted\u00a0by Galerie Florence Vivien , took place at the Pakistani Embassy in Abu Dhabi, United Arab Emirates, during the celebration of Pakistan Day. Rahim Khetran&rsquo;s artwork captivated the guests \u00ab\u00a0with its visual poetry, anthropological\u00a0depth, and cultural authenticity\u00a0\u00bb.<\/p>\n\n\n\n<p><em>&nbsp;&nbsp;&nbsp;&nbsp;&nbsp;&nbsp;&nbsp;&nbsp;&nbsp;&nbsp;&nbsp;&nbsp;&nbsp;&nbsp;&nbsp;&nbsp;&nbsp;&nbsp;&nbsp;&nbsp;&nbsp;&nbsp;&nbsp;&nbsp;&nbsp;&nbsp;&nbsp;&nbsp;&nbsp;&nbsp;&nbsp;&nbsp;&nbsp;&nbsp;&nbsp;&nbsp;&nbsp;&nbsp;&nbsp;&nbsp;&nbsp;&nbsp;&nbsp;&nbsp;&nbsp;&nbsp; <\/em><em>________________________<\/em><\/p>\n\n\n\n<p><em>Galerie Florence Vivien a pour vocation de pr\u00e9senter, dans plusieurs pays, des artistes internationaux \u00e9mergeants dans une d\u00e9marche ouverte sur les processus cr\u00e9atifs.<br><br>L\u2019art contemporain ici, est une vision subjective faite d\u2019interactions.<br><br>Florence Vivien, \u00e0 l\u2019origine de Galerie Florence Vivien explore les courants et les \u00e9tapes des diff\u00e9rents mouvements artistiques. C\u2019est un parcours aussi bien jalonn\u00e9 par des conf\u00e9rences et des expositions que par des voyages et des rencontres amicales qui lui a donn\u00e9 envie de se lancer dans cette nouvelle aventure. Apr\u00e8s une vie pass\u00e9e dans le monde de la Finance, elle souhaite maintenant communiquer son enthousiasme et son admiration pour des expressions artistiques originales choisies.<\/em><br><br><em>L\u2019art contemporain est un prisme particulier, une histoire d\u2019amiti\u00e9s.<br><br>Les artistes- peintres, les sculpteurs et les photographes artistiques repr\u00e9sent\u00e9s par Galerie Florence Vivien viennent d\u2019Am\u00e9rique du Sud (Argentine), Chine, Allemagne, France, l\u2019Etat de Bahrein, du Kazakhstan et du Pakistan.<br><\/em><br><em>En 2019, Galerie Florence Vivien a&nbsp; particip\u00e9 \u00e0 des salons d\u2019art contemporains en France (Paris), en Belgique, au Luxembourg, en Suisse et a expos\u00e9 des \u0153uvres de l\u2019artiste indienne Sujata Dere en Suisse<\/em>.<\/p>\n\n\n\n<p>En 2020, <em>Galerie Florence Vivien<\/em> a expos\u00e9 3 \u0153uvres de l\u2019artiste-peintre argentin Daniel Dankh au Salon International du Portrait \u00e0 Le Mans et a particip\u00e9 au Salon des Artistes Ind\u00e9pendants \u00e0 ART CAPITAL au Grand Palais (Paris) o\u00f9 elle a montr\u00e9 1 huile sur toile de tr\u00e8s grand format de l\u2019artiste-peintre G\u00e9raldine Courtes- Warrass.<\/p>\n\n\n\n<p>En 2022, la Galerie Florence Vivien a particip\u00e9 au Salon des Portraits \u00e0 la Bastille Design Center \u00e0 Paris pour exposer 2 photographies artistiques r\u00e9alis\u00e9es par un anthropologue et artiste pakistanais (du Baloutchistan) Rahim Khetran.<\/p>\n\n\n\n<p>En 2023, la Galerie Florence Vivien a expos\u00e9 au Salon du Portrait de La Bastille Design Center un magnifique dessin aux feutres de couleur repr\u00e9sentant une femme kazakhe avec son b\u00e9b\u00e9 dans les bras r\u00e9alis\u00e9 par Rassilbek Estemesov, un artiste kazakh.<\/p>\n\n\n\n<p>En avril 2025, une exposition de photographies artistiques de Rahim Khetran, l&rsquo;anthropologue artistique et visuel pakistanais promu par la Galerie Florence Vivien, a eu lieu \u00e0 l&rsquo;ambassade du Pakistan \u00e0 Abu Dabi aux \u00c9mirats Arabes Unis, lors de la c\u00e9l\u00e9bration de la Journ\u00e9e du Pakistan. L&rsquo;\u0153uvre de Rahim Khetran a captiv\u00e9 les invit\u00e9s \u00ab par sa po\u00e9sie visuelle, sa profondeur anthropologique et son authenticit\u00e9 culturelle \u00bb.<\/p>\n\n\n\n<p class=\"has-text-align-center\">&#8211;<\/p>\n\n\n\n<p><\/p>\n","protected":false},"excerpt":{"rendered":"<p>About Gallery Galerie Florence Vivien represents international emerging artists dedicated to the boundless exploration of the creative process. At Galerie Florence Vivien, contemporary works are seen as subjective view points comprised of a multitude of interactions and collisions. Florence Vivien, Director and Curator of Galerie Florence Vivien, is inspired by the various artistic movements throughout&hellip; <br \/> <a class=\"read-more\" href=\"https:\/\/galaxyartv.fr\/index.php\/about-gallery\/\">Lire la suite<\/a><\/p>\n","protected":false},"author":1,"featured_media":17,"parent":0,"menu_order":0,"comment_status":"closed","ping_status":"closed","template":"page-templates\/homepage.php","meta":[],"yoast_head":"<!-- This site is optimized with the Yoast SEO plugin v17.1 - https:\/\/yoast.com\/wordpress\/plugins\/seo\/ -->\n<title>About Gallery - Galaxy Art<\/title>\n<meta name=\"robots\" content=\"index, follow, max-snippet:-1, max-image-preview:large, max-video-preview:-1\" \/>\n<link rel=\"canonical\" href=\"https:\/\/galaxyartv.fr\/index.php\/about-gallery\/\" \/>\n<meta property=\"og:locale\" content=\"fr_FR\" \/>\n<meta property=\"og:type\" content=\"article\" \/>\n<meta property=\"og:title\" content=\"About Gallery - Galaxy Art\" \/>\n<meta property=\"og:description\" content=\"About Gallery Galerie Florence Vivien represents international emerging artists dedicated to the boundless exploration of the creative process. At Galerie Florence Vivien, contemporary works are seen as subjective view points comprised of a multitude of interactions and collisions. Florence Vivien, Director and Curator of Galerie Florence Vivien, is inspired by the various artistic movements throughout&hellip; Lire la suite\" \/>\n<meta property=\"og:url\" content=\"https:\/\/galaxyartv.fr\/index.php\/about-gallery\/\" \/>\n<meta property=\"og:site_name\" content=\"Galaxy Art\" \/>\n<meta property=\"article:publisher\" content=\"https:\/\/www.facebook.com\/galaxyart.florencevivien.3\" \/>\n<meta property=\"article:modified_time\" content=\"2025-06-17T15:12:01+00:00\" \/>\n<meta property=\"og:image\" content=\"https:\/\/galaxyartv.fr\/wp-content\/uploads\/2019\/07\/2018.07.Galaxie-Androm\u00e8de-e1563448338702.jpg\" \/>\n\t<meta property=\"og:image:width\" content=\"2027\" \/>\n\t<meta property=\"og:image:height\" content=\"875\" \/>\n<meta name=\"twitter:card\" content=\"summary_large_image\" \/>\n<meta name=\"twitter:label1\" content=\"Dur\u00e9e de lecture est.\" \/>\n\t<meta name=\"twitter:data1\" content=\"4 minutes\" \/>\n<script type=\"application\/ld+json\" class=\"yoast-schema-graph\">{\"@context\":\"https:\/\/schema.org\",\"@graph\":[{\"@type\":\"WebSite\",\"@id\":\"https:\/\/galaxyartv.fr\/#website\",\"url\":\"https:\/\/galaxyartv.fr\/\",\"name\":\"Galaxy Art\",\"description\":\"\",\"potentialAction\":[{\"@type\":\"SearchAction\",\"target\":{\"@type\":\"EntryPoint\",\"urlTemplate\":\"https:\/\/galaxyartv.fr\/?s={search_term_string}\"},\"query-input\":\"required name=search_term_string\"}],\"inLanguage\":\"fr-FR\"},{\"@type\":\"ImageObject\",\"@id\":\"https:\/\/galaxyartv.fr\/index.php\/about-gallery\/#primaryimage\",\"inLanguage\":\"fr-FR\",\"url\":\"https:\/\/galaxyartv.fr\/wp-content\/uploads\/2019\/07\/2018.07.Galaxie-Androm\\u00e8de-e1563448338702.jpg\",\"contentUrl\":\"https:\/\/galaxyartv.fr\/wp-content\/uploads\/2019\/07\/2018.07.Galaxie-Androm\\u00e8de-e1563448338702.jpg\",\"width\":2027,\"height\":875},{\"@type\":\"WebPage\",\"@id\":\"https:\/\/galaxyartv.fr\/index.php\/about-gallery\/#webpage\",\"url\":\"https:\/\/galaxyartv.fr\/index.php\/about-gallery\/\",\"name\":\"About Gallery - Galaxy Art\",\"isPartOf\":{\"@id\":\"https:\/\/galaxyartv.fr\/#website\"},\"primaryImageOfPage\":{\"@id\":\"https:\/\/galaxyartv.fr\/index.php\/about-gallery\/#primaryimage\"},\"datePublished\":\"2019-07-18T10:34:11+00:00\",\"dateModified\":\"2025-06-17T15:12:01+00:00\",\"breadcrumb\":{\"@id\":\"https:\/\/galaxyartv.fr\/index.php\/about-gallery\/#breadcrumb\"},\"inLanguage\":\"fr-FR\",\"potentialAction\":[{\"@type\":\"ReadAction\",\"target\":[\"https:\/\/galaxyartv.fr\/index.php\/about-gallery\/\"]}]},{\"@type\":\"BreadcrumbList\",\"@id\":\"https:\/\/galaxyartv.fr\/index.php\/about-gallery\/#breadcrumb\",\"itemListElement\":[{\"@type\":\"ListItem\",\"position\":1,\"name\":\"Accueil\",\"item\":\"https:\/\/galaxyartv.fr\/\"},{\"@type\":\"ListItem\",\"position\":2,\"name\":\"About Gallery\"}]}]}<\/script>\n<!-- \/ Yoast SEO plugin. -->","yoast_head_json":{"title":"About Gallery - Galaxy Art","robots":{"index":"index","follow":"follow","max-snippet":"max-snippet:-1","max-image-preview":"max-image-preview:large","max-video-preview":"max-video-preview:-1"},"canonical":"https:\/\/galaxyartv.fr\/index.php\/about-gallery\/","og_locale":"fr_FR","og_type":"article","og_title":"About Gallery - Galaxy Art","og_description":"About Gallery Galerie Florence Vivien represents international emerging artists dedicated to the boundless exploration of the creative process. At Galerie Florence Vivien, contemporary works are seen as subjective view points comprised of a multitude of interactions and collisions. Florence Vivien, Director and Curator of Galerie Florence Vivien, is inspired by the various artistic movements throughout&hellip; Lire la suite","og_url":"https:\/\/galaxyartv.fr\/index.php\/about-gallery\/","og_site_name":"Galaxy Art","article_publisher":"https:\/\/www.facebook.com\/galaxyart.florencevivien.3","article_modified_time":"2025-06-17T15:12:01+00:00","og_image":[{"width":2027,"height":875,"url":"https:\/\/galaxyartv.fr\/wp-content\/uploads\/2019\/07\/2018.07.Galaxie-Androm\u00e8de-e1563448338702.jpg","path":"\/home\/galaxyarxq\/www\/wp-content\/uploads\/2019\/07\/2018.07.Galaxie-Androm\u00e8de-e1563448338702.jpg","size":"full","id":17,"alt":"","pixels":1773625,"type":"image\/jpeg"}],"twitter_card":"summary_large_image","twitter_misc":{"Dur\u00e9e de lecture est.":"4 minutes"},"schema":{"@context":"https:\/\/schema.org","@graph":[{"@type":"WebSite","@id":"https:\/\/galaxyartv.fr\/#website","url":"https:\/\/galaxyartv.fr\/","name":"Galaxy Art","description":"","potentialAction":[{"@type":"SearchAction","target":{"@type":"EntryPoint","urlTemplate":"https:\/\/galaxyartv.fr\/?s={search_term_string}"},"query-input":"required name=search_term_string"}],"inLanguage":"fr-FR"},{"@type":"ImageObject","@id":"https:\/\/galaxyartv.fr\/index.php\/about-gallery\/#primaryimage","inLanguage":"fr-FR","url":"https:\/\/galaxyartv.fr\/wp-content\/uploads\/2019\/07\/2018.07.Galaxie-Androm\u00e8de-e1563448338702.jpg","contentUrl":"https:\/\/galaxyartv.fr\/wp-content\/uploads\/2019\/07\/2018.07.Galaxie-Androm\u00e8de-e1563448338702.jpg","width":2027,"height":875},{"@type":"WebPage","@id":"https:\/\/galaxyartv.fr\/index.php\/about-gallery\/#webpage","url":"https:\/\/galaxyartv.fr\/index.php\/about-gallery\/","name":"About Gallery - Galaxy Art","isPartOf":{"@id":"https:\/\/galaxyartv.fr\/#website"},"primaryImageOfPage":{"@id":"https:\/\/galaxyartv.fr\/index.php\/about-gallery\/#primaryimage"},"datePublished":"2019-07-18T10:34:11+00:00","dateModified":"2025-06-17T15:12:01+00:00","breadcrumb":{"@id":"https:\/\/galaxyartv.fr\/index.php\/about-gallery\/#breadcrumb"},"inLanguage":"fr-FR","potentialAction":[{"@type":"ReadAction","target":["https:\/\/galaxyartv.fr\/index.php\/about-gallery\/"]}]},{"@type":"BreadcrumbList","@id":"https:\/\/galaxyartv.fr\/index.php\/about-gallery\/#breadcrumb","itemListElement":[{"@type":"ListItem","position":1,"name":"Accueil","item":"https:\/\/galaxyartv.fr\/"},{"@type":"ListItem","position":2,"name":"About Gallery"}]}]}},"_links":{"self":[{"href":"https:\/\/galaxyartv.fr\/index.php\/wp-json\/wp\/v2\/pages\/235"}],"collection":[{"href":"https:\/\/galaxyartv.fr\/index.php\/wp-json\/wp\/v2\/pages"}],"about":[{"href":"https:\/\/galaxyartv.fr\/index.php\/wp-json\/wp\/v2\/types\/page"}],"author":[{"embeddable":true,"href":"https:\/\/galaxyartv.fr\/index.php\/wp-json\/wp\/v2\/users\/1"}],"replies":[{"embeddable":true,"href":"https:\/\/galaxyartv.fr\/index.php\/wp-json\/wp\/v2\/comments?post=235"}],"version-history":[{"count":18,"href":"https:\/\/galaxyartv.fr\/index.php\/wp-json\/wp\/v2\/pages\/235\/revisions"}],"predecessor-version":[{"id":1846,"href":"https:\/\/galaxyartv.fr\/index.php\/wp-json\/wp\/v2\/pages\/235\/revisions\/1846"}],"wp:featuredmedia":[{"embeddable":true,"href":"https:\/\/galaxyartv.fr\/index.php\/wp-json\/wp\/v2\/media\/17"}],"wp:attachment":[{"href":"https:\/\/galaxyartv.fr\/index.php\/wp-json\/wp\/v2\/media?parent=235"}],"curies":[{"name":"wp","href":"https:\/\/api.w.org\/{rel}","templated":true}]}}